{"id":1431,"date":"2024-10-04T15:09:27","date_gmt":"2024-10-04T15:09:27","guid":{"rendered":"https:\/\/dev.esthesia.it\/tutorial\/"},"modified":"2024-10-23T16:40:50","modified_gmt":"2024-10-23T16:40:50","slug":"tutorial","status":"publish","type":"page","link":"https:\/\/esthesia.it\/es\/tutorial\/","title":{"rendered":"Tutorial"},"content":{"rendered":"\t\t<div data-elementor-type=\"wp-page\" data-elementor-id=\"1431\" class=\"elementor elementor-1431 elementor-221\" data-elementor-post-type=\"page\">\n\t\t\t\t\t\t<section class=\"elementor-section elementor-top-section elementor-element elementor-element-5107a03d elementor-section-boxed elementor-section-height-default elementor-section-height-default\" data-id=\"5107a03d\" data-element_type=\"section\" data-settings=\"{&quot;background_background&quot;:&quot;classic&quot;}\">\n\t\t\t\t\t\t<div class=\"elementor-container elementor-column-gap-default\">\n\t\t\t\t\t<div class=\"elementor-column elementor-col-100 elementor-top-column elementor-element elementor-element-62166dd4\" data-id=\"62166dd4\" data-element_type=\"column\" data-settings=\"{&quot;background_background&quot;:&quot;classic&quot;}\">\n\t\t\t<div class=\"elementor-widget-wrap elementor-element-populated\">\n\t\t\t\t\t<div class=\"elementor-background-overlay\"><\/div>\n\t\t\t\t\t\t<div class=\"elementor-element elementor-element-6d28c2ea elementor-invisible elementor-widget elementor-widget-heading\" data-id=\"6d28c2ea\" data-element_type=\"widget\" data-settings=\"{&quot;_animation&quot;:&quot;fadeInUp&quot;,&quot;_animation_delay&quot;:200}\" data-widget_type=\"heading.default\">\n\t\t\t\t<div class=\"elementor-widget-container\">\n\t\t\t\t\t<h1 class=\"elementor-heading-title elementor-size-default\">Tutorial<\/h1>\t\t\t\t<\/div>\n\t\t\t\t<\/div>\n\t\t\t\t\t<\/div>\n\t\t<\/div>\n\t\t\t\t\t<\/div>\n\t\t<\/section>\n\t\t\t\t<section class=\"elementor-section elementor-top-section elementor-element elementor-element-10d1f44 elementor-section-boxed elementor-section-height-default elementor-section-height-default\" data-id=\"10d1f44\" data-element_type=\"section\" data-settings=\"{&quot;background_background&quot;:&quot;classic&quot;}\">\n\t\t\t\t\t\t\t<div class=\"elementor-background-overlay\"><\/div>\n\t\t\t\t\t\t\t<div class=\"elementor-container elementor-column-gap-default\">\n\t\t\t\t\t<div class=\"elementor-column elementor-col-100 elementor-top-column elementor-element elementor-element-3450e96 elementor-invisible\" data-id=\"3450e96\" data-element_type=\"column\" data-settings=\"{&quot;animation&quot;:&quot;fadeInUp&quot;}\">\n\t\t\t<div class=\"elementor-widget-wrap elementor-element-populated\">\n\t\t\t\t\t\t<div class=\"elementor-element elementor-element-ce4af0f elementor-widget elementor-widget-heading\" data-id=\"ce4af0f\" data-element_type=\"widget\" data-widget_type=\"heading.default\">\n\t\t\t\t<div class=\"elementor-widget-container\">\n\t\t\t\t\t<h2 class=\"elementor-heading-title elementor-size-default\">Paso a paso<br>en el sal\u00f3n<\/h2>\t\t\t\t<\/div>\n\t\t\t\t<\/div>\n\t\t\t\t\t<\/div>\n\t\t<\/div>\n\t\t\t\t\t<\/div>\n\t\t<\/section>\n\t\t\t\t<section class=\"elementor-section elementor-top-section elementor-element elementor-element-6c46881 elementor-section-boxed elementor-section-height-default elementor-section-height-default\" data-id=\"6c46881\" data-element_type=\"section\" data-settings=\"{&quot;background_background&quot;:&quot;classic&quot;}\">\n\t\t\t\t\t\t\t<div class=\"elementor-background-overlay\"><\/div>\n\t\t\t\t\t\t\t<div class=\"elementor-container elementor-column-gap-default\">\n\t\t\t\t\t<div class=\"elementor-column elementor-col-100 elementor-top-column elementor-element elementor-element-dfdb2ff\" data-id=\"dfdb2ff\" data-element_type=\"column\">\n\t\t\t<div class=\"elementor-widget-wrap elementor-element-populated\">\n\t\t\t\t\t\t<div class=\"elementor-element elementor-element-6deafbc elementor-widget elementor-widget-video\" data-id=\"6deafbc\" data-element_type=\"widget\" data-settings=\"{&quot;video_type&quot;:&quot;hosted&quot;,&quot;play_on_mobile&quot;:&quot;yes&quot;,&quot;loop&quot;:&quot;yes&quot;,&quot;start&quot;:0,&quot;autoplay&quot;:&quot;yes&quot;,&quot;controls&quot;:&quot;yes&quot;}\" data-widget_type=\"video.default\">\n\t\t\t\t<div class=\"elementor-widget-container\">\n\t\t\t\t\t\t\t<div class=\"e-hosted-video elementor-wrapper elementor-open-inline\">\n\t\t\t\t\t<video class=\"elementor-video\" src=\"\/wp-content\/uploads\/2024\/10\/Video_StepbyStep_SPAGNOLO.mp4\" autoplay=\"\" loop=\"\" controls=\"\" playsinline=\"\" controlsList=\"nodownload\" poster=\"https:\/\/esthesia.it\/wp-content\/uploads\/2024\/10\/AbsoluteLenis_17sett_0082.jpg\"><\/video>\n\t\t\t\t<\/div>\n\t\t\t\t\t\t<\/div>\n\t\t\t\t<\/div>\n\t\t\t\t<section class=\"elementor-section elementor-inner-section elementor-element elementor-element-8659508 elementor-section-boxed elementor-section-height-default elementor-section-height-default elementor-invisible\" data-id=\"8659508\" data-element_type=\"section\" data-settings=\"{&quot;animation&quot;:&quot;fadeIn&quot;,&quot;animation_delay&quot;:200}\">\n\t\t\t\t\t\t<div class=\"elementor-container elementor-column-gap-default\">\n\t\t\t\t\t<div class=\"elementor-column elementor-col-50 elementor-inner-column elementor-element elementor-element-3f0571a\" data-id=\"3f0571a\" data-element_type=\"column\">\n\t\t\t<div class=\"elementor-widget-wrap elementor-element-populated\">\n\t\t\t\t\t\t<div class=\"elementor-element elementor-element-147fb3b elementor-widget elementor-widget-text-editor\" data-id=\"147fb3b\" data-element_type=\"widget\" data-widget_type=\"text-editor.default\">\n\t\t\t\t<div class=\"elementor-widget-container\">\n\t\t\t\t\t\t\t\t\t<p>\u2014ABSOLUTE LENIS\u2014<\/p>\t\t\t\t\t\t\t\t<\/div>\n\t\t\t\t<\/div>\n\t\t\t\t<div class=\"elementor-element elementor-element-da818bb elementor-widget elementor-widget-heading\" data-id=\"da818bb\" data-element_type=\"widget\" data-widget_type=\"heading.default\">\n\t\t\t\t<div class=\"elementor-widget-container\">\n\t\t\t\t\t<h2 class=\"elementor-heading-title elementor-size-default\">Paso a paso<br>en sal\u00f3n de peluquer\u00eda <\/h2>\t\t\t\t<\/div>\n\t\t\t\t<\/div>\n\t\t\t\t<div class=\"elementor-element elementor-element-feb9f3d elementor-widget elementor-widget-text-editor\" data-id=\"feb9f3d\" data-element_type=\"widget\" data-widget_type=\"text-editor.default\">\n\t\t\t\t<div class=\"elementor-widget-container\">\n\t\t\t\t\t\t\t\t\t<p>C\u00f3mo aplicar el producto en el sal\u00f3n, garantizando resultados exelentes y conseguiendo la m\u00e1xima satisfacci\u00f3n del cliente.<\/p>\n\t\t\t\t\t\t\t\t<\/div>\n\t\t\t\t<\/div>\n\t\t\t\t<div class=\"elementor-element elementor-element-4636bcd elementor-widget-divider--view-line elementor-widget elementor-widget-divider\" data-id=\"4636bcd\" data-element_type=\"widget\" data-widget_type=\"divider.default\">\n\t\t\t\t<div class=\"elementor-widget-container\">\n\t\t\t\t\t\t\t<div class=\"elementor-divider\">\n\t\t\t<span class=\"elementor-divider-separator\">\n\t\t\t\t\t\t<\/span>\n\t\t<\/div>\n\t\t\t\t\t\t<\/div>\n\t\t\t\t<\/div>\n\t\t\t\t<div class=\"elementor-element elementor-element-352fdae elementor-widget elementor-widget-text-editor\" data-id=\"352fdae\" data-element_type=\"widget\" data-widget_type=\"text-editor.default\">\n\t\t\t\t<div class=\"elementor-widget-container\">\n\t\t\t\t\t\t\t\t\t<h5><span style=\"color: #a98c7f; font-size: 26px;\">1 <\/span>LAVADO<\/h5>\n<p>Lavar el cabello con Protein Preparing Shampoo, masajeando el producto tambien sobre medios y puntas. Enjuaguar sin dejar actuar el producto y secar totalmente el cabello.  <\/p>\n\t\t\t\t\t\t\t\t<\/div>\n\t\t\t\t<\/div>\n\t\t\t\t<div class=\"elementor-element elementor-element-208136c elementor-widget elementor-widget-image\" data-id=\"208136c\" data-element_type=\"widget\" data-widget_type=\"image.default\">\n\t\t\t\t<div class=\"elementor-widget-container\">\n\t\t\t\t\t\t\t\t\t\t\t\t\t\t\t<img fetchpriority=\"high\" decoding=\"async\" width=\"800\" height=\"450\" src=\"https:\/\/esthesia.it\/wp-content\/uploads\/2024\/10\/AbsoluteLenis_0065-1024x576.jpg\" class=\"attachment-large size-large wp-image-1303\" alt=\"\" srcset=\"https:\/\/esthesia.it\/wp-content\/uploads\/2024\/10\/AbsoluteLenis_0065-1024x576.jpg 1024w, https:\/\/esthesia.it\/wp-content\/uploads\/2024\/10\/AbsoluteLenis_0065-300x169.jpg 300w, https:\/\/esthesia.it\/wp-content\/uploads\/2024\/10\/AbsoluteLenis_0065-768x432.jpg 768w, https:\/\/esthesia.it\/wp-content\/uploads\/2024\/10\/AbsoluteLenis_0065.jpg 1200w\" sizes=\"(max-width: 800px) 100vw, 800px\" \/>\t\t\t\t\t\t\t\t\t\t\t\t\t\t\t<\/div>\n\t\t\t\t<\/div>\n\t\t\t\t<div class=\"elementor-element elementor-element-d427e44 elementor-widget elementor-widget-text-editor\" data-id=\"d427e44\" data-element_type=\"widget\" data-widget_type=\"text-editor.default\">\n\t\t\t\t<div class=\"elementor-widget-container\">\n\t\t\t\t\t\t\t\t\t<h5><span style=\"color: #a98c7f; font-size: 26px;\">2 <\/span>APLICACI\u00d3N<\/h5>\n<p>Dividir el cabello en 4 secciones. Utilizar guantes protectores y aplicar Protein Straightening Treatment en secciones de 0,5 cm, masajear y peinar. Empezar desde la nuca.  <\/p>\n\t\t\t\t\t\t\t\t<\/div>\n\t\t\t\t<\/div>\n\t\t\t\t<div class=\"elementor-element elementor-element-f20a581 elementor-widget elementor-widget-text-editor\" data-id=\"f20a581\" data-element_type=\"widget\" data-widget_type=\"text-editor.default\">\n\t\t\t\t<div class=\"elementor-widget-container\">\n\t\t\t\t\t\t\t\t\t<h5><span style=\"color: #a98c7f; font-size: 26px;\">3 <\/span>DEJAR ACTUAR<\/h5>\n<p>Para cabellos finos, medios, te\u00f1idos o decolorados, dejar actuar 40 minutos.<br \/>Para cabellos naturales, gruesos, muy encrespados o resistentes, dejar actuar 60 minutos.<\/p>\n\t\t\t\t\t\t\t\t<\/div>\n\t\t\t\t<\/div>\n\t\t\t\t\t<\/div>\n\t\t<\/div>\n\t\t\t\t<div class=\"elementor-column elementor-col-50 elementor-inner-column elementor-element elementor-element-572a639\" data-id=\"572a639\" data-element_type=\"column\">\n\t\t\t<div class=\"elementor-widget-wrap elementor-element-populated\">\n\t\t\t\t\t\t<div class=\"elementor-element elementor-element-74c0f1a elementor-widget elementor-widget-image\" data-id=\"74c0f1a\" data-element_type=\"widget\" data-widget_type=\"image.default\">\n\t\t\t\t<div class=\"elementor-widget-container\">\n\t\t\t\t\t\t\t\t\t\t\t\t\t\t\t<img decoding=\"async\" width=\"800\" height=\"450\" src=\"https:\/\/esthesia.it\/wp-content\/uploads\/2024\/10\/asciuga-1024x576.jpg\" class=\"attachment-large size-large wp-image-1305\" alt=\"\" srcset=\"https:\/\/esthesia.it\/wp-content\/uploads\/2024\/10\/asciuga-1024x576.jpg 1024w, https:\/\/esthesia.it\/wp-content\/uploads\/2024\/10\/asciuga-300x169.jpg 300w, https:\/\/esthesia.it\/wp-content\/uploads\/2024\/10\/asciuga-768x432.jpg 768w, https:\/\/esthesia.it\/wp-content\/uploads\/2024\/10\/asciuga.jpg 1200w\" sizes=\"(max-width: 800px) 100vw, 800px\" \/>\t\t\t\t\t\t\t\t\t\t\t\t\t\t\t<\/div>\n\t\t\t\t<\/div>\n\t\t\t\t<div class=\"elementor-element elementor-element-ed90c70 elementor-widget-divider--view-line elementor-widget elementor-widget-divider\" data-id=\"ed90c70\" data-element_type=\"widget\" data-widget_type=\"divider.default\">\n\t\t\t\t<div class=\"elementor-widget-container\">\n\t\t\t\t\t\t\t<div class=\"elementor-divider\">\n\t\t\t<span class=\"elementor-divider-separator\">\n\t\t\t\t\t\t<\/span>\n\t\t<\/div>\n\t\t\t\t\t\t<\/div>\n\t\t\t\t<\/div>\n\t\t\t\t<div class=\"elementor-element elementor-element-5c13039 elementor-widget elementor-widget-text-editor\" data-id=\"5c13039\" data-element_type=\"widget\" data-widget_type=\"text-editor.default\">\n\t\t\t\t<div class=\"elementor-widget-container\">\n\t\t\t\t\t\t\t\t\t<h5><span style=\"color: #a98c7f; font-size: 26px;\">4 <\/span>ACLARADO<\/h5>\n<p>Enjuagar suavemente con de agua templada. No utilizar champ\u00fa o acondicionador. <\/p>\n\t\t\t\t\t\t\t\t<\/div>\n\t\t\t\t<\/div>\n\t\t\t\t<div class=\"elementor-element elementor-element-22b92e6 elementor-widget elementor-widget-text-editor\" data-id=\"22b92e6\" data-element_type=\"widget\" data-widget_type=\"text-editor.default\">\n\t\t\t\t<div class=\"elementor-widget-container\">\n\t\t\t\t\t\t\t\t\t<h5><span style=\"color: #a98c7f; font-size: 26px;\">5 <\/span>SECADO<\/h5>\n<p>Secar completamente el cabello, alisandolo, utilizando secador y cepillo. <\/p>\n\t\t\t\t\t\t\t\t<\/div>\n\t\t\t\t<\/div>\n\t\t\t\t<div class=\"elementor-element elementor-element-3247608 elementor-widget elementor-widget-text-editor\" data-id=\"3247608\" data-element_type=\"widget\" data-widget_type=\"text-editor.default\">\n\t\t\t\t<div class=\"elementor-widget-container\">\n\t\t\t\t\t\t\t\t\t<h5><span style=\"color: #a98c7f; font-size: 26px;\">6 <\/span>PLANCHADO<\/h5>\n<p>Dividir el cabello en 4 partes empezando a planchar por la nuca. Para cabellos finos, te\u00f1idos o decolorados, hacer de 8 a 10 pasadas de plancha a 180\/200\u00b0. Para cabello naturales y gruesos, hacer de 10 a 12 pasadas de plancha a 200\/220\u00b0.  <\/p>\n\t\t\t\t\t\t\t\t<\/div>\n\t\t\t\t<\/div>\n\t\t\t\t<div class=\"elementor-element elementor-element-c6b76e4 elementor-widget elementor-widget-image\" data-id=\"c6b76e4\" data-element_type=\"widget\" data-widget_type=\"image.default\">\n\t\t\t\t<div class=\"elementor-widget-container\">\n\t\t\t\t\t\t\t\t\t\t\t\t\t\t\t<img decoding=\"async\" width=\"800\" height=\"450\" src=\"https:\/\/esthesia.it\/wp-content\/uploads\/2024\/10\/Piastratura-1024x576.jpg\" class=\"attachment-large size-large wp-image-1307\" alt=\"\" srcset=\"https:\/\/esthesia.it\/wp-content\/uploads\/2024\/10\/Piastratura-1024x576.jpg 1024w, https:\/\/esthesia.it\/wp-content\/uploads\/2024\/10\/Piastratura-300x169.jpg 300w, https:\/\/esthesia.it\/wp-content\/uploads\/2024\/10\/Piastratura-768x432.jpg 768w, https:\/\/esthesia.it\/wp-content\/uploads\/2024\/10\/Piastratura.jpg 1200w\" sizes=\"(max-width: 800px) 100vw, 800px\" \/>\t\t\t\t\t\t\t\t\t\t\t\t\t\t\t<\/div>\n\t\t\t\t<\/div>\n\t\t\t\t\t<\/div>\n\t\t<\/div>\n\t\t\t\t\t<\/div>\n\t\t<\/section>\n\t\t\t\t\t<\/div>\n\t\t<\/div>\n\t\t\t\t\t<\/div>\n\t\t<\/section>\n\t\t\t\t<section class=\"elementor-section elementor-top-section elementor-element elementor-element-20f2775 elementor-section-boxed elementor-section-height-default elementor-section-height-default\" data-id=\"20f2775\" data-element_type=\"section\" data-settings=\"{&quot;background_background&quot;:&quot;classic&quot;}\">\n\t\t\t\t\t\t\t<div class=\"elementor-background-overlay\"><\/div>\n\t\t\t\t\t\t\t<div class=\"elementor-container elementor-column-gap-default\">\n\t\t\t\t\t<div class=\"elementor-column elementor-col-100 elementor-top-column elementor-element elementor-element-d3daee1\" data-id=\"d3daee1\" data-element_type=\"column\">\n\t\t\t<div class=\"elementor-widget-wrap elementor-element-populated\">\n\t\t\t\t\t\t<section class=\"elementor-section elementor-inner-section elementor-element elementor-element-e241339 elementor-section-boxed elementor-section-height-default elementor-section-height-default elementor-invisible\" data-id=\"e241339\" data-element_type=\"section\" data-settings=\"{&quot;animation&quot;:&quot;fadeIn&quot;,&quot;animation_delay&quot;:200}\">\n\t\t\t\t\t\t<div class=\"elementor-container elementor-column-gap-default\">\n\t\t\t\t\t<div class=\"elementor-column elementor-col-50 elementor-inner-column elementor-element elementor-element-029dc67\" data-id=\"029dc67\" data-element_type=\"column\">\n\t\t\t<div class=\"elementor-widget-wrap elementor-element-populated\">\n\t\t\t\t\t\t<div class=\"elementor-element elementor-element-8a881a9 elementor-widget elementor-widget-heading\" data-id=\"8a881a9\" data-element_type=\"widget\" data-widget_type=\"heading.default\">\n\t\t\t\t<div class=\"elementor-widget-container\">\n\t\t\t\t\t<h2 class=\"elementor-heading-title elementor-size-default\">Sugerencias para el\/la peluquero\/a<\/h2>\t\t\t\t<\/div>\n\t\t\t\t<\/div>\n\t\t\t\t<div class=\"elementor-element elementor-element-ac37a13 elementor-widget-divider--view-line elementor-widget elementor-widget-divider\" data-id=\"ac37a13\" data-element_type=\"widget\" data-widget_type=\"divider.default\">\n\t\t\t\t<div class=\"elementor-widget-container\">\n\t\t\t\t\t\t\t<div class=\"elementor-divider\">\n\t\t\t<span class=\"elementor-divider-separator\">\n\t\t\t\t\t\t<\/span>\n\t\t<\/div>\n\t\t\t\t\t\t<\/div>\n\t\t\t\t<\/div>\n\t\t\t\t<div class=\"elementor-element elementor-element-b817078 elementor-widget elementor-widget-text-editor\" data-id=\"b817078\" data-element_type=\"widget\" data-widget_type=\"text-editor.default\">\n\t\t\t\t<div class=\"elementor-widget-container\">\n\t\t\t\t\t\t\t\t\t<h5><span style=\"color: #a98c7f; font-size: 26px;\">  1  <\/span><\/h5> Se recomienda esperar como m\u00ednimo dos d\u00edas antes de lavar el cabello y como m\u00ednimo siete d\u00edas antes de hacer a una nueva coloraci\u00f3n. Antes de aplicar la coloraci\u00f3n, lavar el cabello con champ\u00fa como m\u00ednimo una vez en los d\u00edas previos o el mismo d\u00eda.  <h5><span style=\"color: #a98c7f; font-size: 26px;\">  2  <\/span><\/h5> Para prolongar el efecto del tratamiento, se recomienda el uso de <strong>Protein Maintaining Shampoo y Mask<\/strong>.\t\t\t\t\t\t\t\t<\/div>\n\t\t\t\t<\/div>\n\t\t\t\t\t<\/div>\n\t\t<\/div>\n\t\t\t\t<div class=\"elementor-column elementor-col-50 elementor-inner-column elementor-element elementor-element-dd80de3\" data-id=\"dd80de3\" data-element_type=\"column\">\n\t\t\t<div class=\"elementor-widget-wrap elementor-element-populated\">\n\t\t\t\t\t\t<div class=\"elementor-element elementor-element-6b242be elementor-widget elementor-widget-image\" data-id=\"6b242be\" data-element_type=\"widget\" data-widget_type=\"image.default\">\n\t\t\t\t<div class=\"elementor-widget-container\">\n\t\t\t\t\t\t\t\t\t\t\t\t\t\t\t<img decoding=\"async\" src=\"https:\/\/esthesia.it\/wp-content\/uploads\/2024\/10\/AbsoluteLenis_368.jpg\" title=\"AbsoluteLenis_368\" alt=\"AbsoluteLenis_368\" loading=\"lazy\" \/>\t\t\t\t\t\t\t\t\t\t\t\t\t\t\t<\/div>\n\t\t\t\t<\/div>\n\t\t\t\t\t<\/div>\n\t\t<\/div>\n\t\t\t\t\t<\/div>\n\t\t<\/section>\n\t\t\t\t<section class=\"elementor-section elementor-inner-section elementor-element elementor-element-438a03a elementor-section-boxed elementor-section-height-default elementor-section-height-default elementor-invisible\" data-id=\"438a03a\" data-element_type=\"section\" data-settings=\"{&quot;animation&quot;:&quot;fadeIn&quot;,&quot;animation_delay&quot;:200}\">\n\t\t\t\t\t\t<div class=\"elementor-container elementor-column-gap-default\">\n\t\t\t\t\t<div class=\"elementor-column elementor-col-100 elementor-inner-column elementor-element elementor-element-5184fe7\" data-id=\"5184fe7\" data-element_type=\"column\">\n\t\t\t<div class=\"elementor-widget-wrap elementor-element-populated\">\n\t\t\t\t\t\t<div class=\"elementor-element elementor-element-3712d65 elementor-align-center elementor-widget elementor-widget-button\" data-id=\"3712d65\" data-element_type=\"widget\" data-widget_type=\"button.default\">\n\t\t\t\t<div class=\"elementor-widget-container\">\n\t\t\t\t\t\t\t\t\t<div class=\"elementor-button-wrapper\">\n\t\t\t\t\t<a class=\"elementor-button elementor-button-link elementor-size-sm\" href=\"https:\/\/esthesia.it\/es\/absolute-lenis\/\">\n\t\t\t\t\t\t<span class=\"elementor-button-content-wrapper\">\n\t\t\t\t\t\t<span class=\"elementor-button-icon\">\n\t\t\t\t<i aria-hidden=\"true\" class=\" arrow_right\"><\/i>\t\t\t<\/span>\n\t\t\t\t\t\t\t\t\t<span class=\"elementor-button-text\">Ir a productos<\/span>\n\t\t\t\t\t<\/span>\n\t\t\t\t\t<\/a>\n\t\t\t\t<\/div>\n\t\t\t\t\t\t\t\t<\/div>\n\t\t\t\t<\/div>\n\t\t\t\t\t<\/div>\n\t\t<\/div>\n\t\t\t\t\t<\/div>\n\t\t<\/section>\n\t\t\t\t\t<\/div>\n\t\t<\/div>\n\t\t\t\t\t<\/div>\n\t\t<\/section>\n\t\t\t\t<\/div>\n\t\t","protected":false},"excerpt":{"rendered":"<p>Paso a pasoen el sal\u00f3n \/wp-content\/uploads\/2024\/10\/Video_StepbyStep_SPAGNOLO.mp4 \u2014ABSOLUTE LENIS\u2014 Paso a pasoen sal\u00f3n de peluquer\u00eda C\u00f3mo aplicar el producto en el sal\u00f3n, garantizando resultados exelentes y conseguiendo la m\u00e1xima satisfacci\u00f3n del cliente. 1 LAVADO Lavar el cabello con Protein Preparing Shampoo, masajeando el producto tambien sobre medios y puntas. Enjuaguar sin dejar actuar el producto y [&hellip;]<\/p>\n","protected":false},"author":1,"featured_media":0,"parent":0,"menu_order":0,"comment_status":"closed","ping_status":"closed","template":"elementor_header_footer","meta":{"footnotes":""},"class_list":["post-1431","page","type-page","status-publish","hentry"],"_links":{"self":[{"href":"https:\/\/esthesia.it\/es\/wp-json\/wp\/v2\/pages\/1431","targetHints":{"allow":["GET"]}}],"collection":[{"href":"https:\/\/esthesia.it\/es\/wp-json\/wp\/v2\/pages"}],"about":[{"href":"https:\/\/esthesia.it\/es\/wp-json\/wp\/v2\/types\/page"}],"author":[{"embeddable":true,"href":"https:\/\/esthesia.it\/es\/wp-json\/wp\/v2\/users\/1"}],"replies":[{"embeddable":true,"href":"https:\/\/esthesia.it\/es\/wp-json\/wp\/v2\/comments?post=1431"}],"version-history":[{"count":17,"href":"https:\/\/esthesia.it\/es\/wp-json\/wp\/v2\/pages\/1431\/revisions"}],"predecessor-version":[{"id":1984,"href":"https:\/\/esthesia.it\/es\/wp-json\/wp\/v2\/pages\/1431\/revisions\/1984"}],"wp:attachment":[{"href":"https:\/\/esthesia.it\/es\/wp-json\/wp\/v2\/media?parent=1431"}],"curies":[{"name":"wp","href":"https:\/\/api.w.org\/{rel}","templated":true}]}}